{"id":953,"date":"2018-09-03T09:58:33","date_gmt":"2018-09-03T07:58:33","guid":{"rendered":"https:\/\/staging.donatomargapoti.com\/ancientpuglia\/home\/"},"modified":"2022-01-25T18:03:08","modified_gmt":"2022-01-25T17:03:08","slug":"home","status":"publish","type":"page","link":"https:\/\/www.ancientpuglia.it\/de\/","title":{"rendered":"Home"},"content":{"rendered":"<p>Ancient Puglia ist unsere Vorstellung von Gastfreundschaft.<br \/>\nIn einer Zeit, in der es unm\u00f6glich scheint, etwas Neues zu erfinden, m\u00f6chten wir nur unsere Vergangenheit wiederentdecken.<br \/>\nWir haben alte H\u00e4user im historischen Dorf Leverano, einem charmanten Dorf im Herzen des Salento, aufgewertet und zu neuem Glanz gebracht. Uns gef\u00e4llt die Idee, dass unsere G\u00e4ste die Erfahrung eines alten und authentischen Apuliens durch den Aufenthalt in den H\u00e4usern unserer Gro\u00dfeltern erleben.<br \/>\nNichts k\u00f6nnte einfacher sein, nichts mehr stimmt<\/p>\n","protected":false},"excerpt":{"rendered":"<p>Ancient Puglia ist unsere Vorstellung von Gastfreundschaft. In einer Zeit, in der es unm\u00f6glich scheint, etwas Neues zu erfinden, m\u00f6chten wir nur unsere Vergangenheit wiederentdecken. Wir haben alte H\u00e4user im historischen Dorf Leverano, einem charmanten Dorf im Herzen des Salento, aufgewertet und zu neuem Glanz gebracht. Uns gef\u00e4llt die Idee, dass unsere G\u00e4ste die Erfahrung [&hellip;]<\/p>\n","protected":false},"author":2,"featured_media":0,"parent":0,"menu_order":20,"comment_status":"closed","ping_status":"closed","template":"homepage.php","meta":[],"acf":[],"yoast_head":"<!-- This site is optimized with the Yoast SEO plugin v18.0 - https:\/\/yoast.com\/wordpress\/plugins\/seo\/ -->\n<title>Home - Ancient Puglia<\/title>\n<meta name=\"robots\" content=\"index, follow, max-snippet:-1, max-image-preview:large, max-video-preview:-1\" \/>\n<link rel=\"canonical\" href=\"https:\/\/www.ancientpuglia.it\/de\/\" \/>\n<meta property=\"og:locale\" content=\"de_DE\" \/>\n<meta property=\"og:type\" content=\"article\" \/>\n<meta property=\"og:title\" content=\"Home - Ancient Puglia\" \/>\n<meta property=\"og:description\" content=\"Ancient Puglia ist unsere Vorstellung von Gastfreundschaft. In einer Zeit, in der es unm\u00f6glich scheint, etwas Neues zu erfinden, m\u00f6chten wir nur unsere Vergangenheit wiederentdecken. Wir haben alte H\u00e4user im historischen Dorf Leverano, einem charmanten Dorf im Herzen des Salento, aufgewertet und zu neuem Glanz gebracht. Uns gef\u00e4llt die Idee, dass unsere G\u00e4ste die Erfahrung [&hellip;]\" \/>\n<meta property=\"og:url\" content=\"https:\/\/www.ancientpuglia.it\/de\/\" \/>\n<meta property=\"og:site_name\" content=\"Ancient Puglia\" \/>\n<meta property=\"article:publisher\" content=\"https:\/\/www.facebook.com\/ancientpuglia\" \/>\n<meta property=\"article:modified_time\" content=\"2022-01-25T17:03:08+00:00\" \/>\n<meta name=\"twitter:card\" content=\"summary_large_image\" \/>\n<script type=\"application\/ld+json\" class=\"yoast-schema-graph\">{\"@context\":\"https:\/\/schema.org\",\"@graph\":[{\"@type\":\"WebSite\",\"@id\":\"https:\/\/www.ancientpuglia.it\/#website\",\"url\":\"https:\/\/www.ancientpuglia.it\/\",\"name\":\"Ancient Puglia\",\"description\":\"Heritage houses\",\"potentialAction\":[{\"@type\":\"SearchAction\",\"target\":{\"@type\":\"EntryPoint\",\"urlTemplate\":\"https:\/\/www.ancientpuglia.it\/?s={search_term_string}\"},\"query-input\":\"required name=search_term_string\"}],\"inLanguage\":\"de\"},{\"@type\":\"WebPage\",\"@id\":\"https:\/\/www.ancientpuglia.it\/de\/#webpage\",\"url\":\"https:\/\/www.ancientpuglia.it\/de\/\",\"name\":\"Home - Ancient Puglia\",\"isPartOf\":{\"@id\":\"https:\/\/www.ancientpuglia.it\/#website\"},\"datePublished\":\"2018-09-03T07:58:33+00:00\",\"dateModified\":\"2022-01-25T17:03:08+00:00\",\"breadcrumb\":{\"@id\":\"https:\/\/www.ancientpuglia.it\/de\/#breadcrumb\"},\"inLanguage\":\"de\",\"potentialAction\":[{\"@type\":\"ReadAction\",\"target\":[\"https:\/\/www.ancientpuglia.it\/de\/\"]}]},{\"@type\":\"BreadcrumbList\",\"@id\":\"https:\/\/www.ancientpuglia.it\/de\/#breadcrumb\",\"itemListElement\":[{\"@type\":\"ListItem\",\"position\":1,\"name\":\"Home\",\"item\":\"https:\/\/www.ancientpuglia.it\/de\/\"},{\"@type\":\"ListItem\",\"position\":2,\"name\":\"Home\"}]}]}<\/script>\n<!-- \/ Yoast SEO plugin. -->","yoast_head_json":{"title":"Home - Ancient Puglia","robots":{"index":"index","follow":"follow","max-snippet":"max-snippet:-1","max-image-preview":"max-image-preview:large","max-video-preview":"max-video-preview:-1"},"canonical":"https:\/\/www.ancientpuglia.it\/de\/","og_locale":"de_DE","og_type":"article","og_title":"Home - Ancient Puglia","og_description":"Ancient Puglia ist unsere Vorstellung von Gastfreundschaft. In einer Zeit, in der es unm\u00f6glich scheint, etwas Neues zu erfinden, m\u00f6chten wir nur unsere Vergangenheit wiederentdecken. Wir haben alte H\u00e4user im historischen Dorf Leverano, einem charmanten Dorf im Herzen des Salento, aufgewertet und zu neuem Glanz gebracht. Uns gef\u00e4llt die Idee, dass unsere G\u00e4ste die Erfahrung [&hellip;]","og_url":"https:\/\/www.ancientpuglia.it\/de\/","og_site_name":"Ancient Puglia","article_publisher":"https:\/\/www.facebook.com\/ancientpuglia","article_modified_time":"2022-01-25T17:03:08+00:00","twitter_card":"summary_large_image","schema":{"@context":"https:\/\/schema.org","@graph":[{"@type":"WebSite","@id":"https:\/\/www.ancientpuglia.it\/#website","url":"https:\/\/www.ancientpuglia.it\/","name":"Ancient Puglia","description":"Heritage houses","potentialAction":[{"@type":"SearchAction","target":{"@type":"EntryPoint","urlTemplate":"https:\/\/www.ancientpuglia.it\/?s={search_term_string}"},"query-input":"required name=search_term_string"}],"inLanguage":"de"},{"@type":"WebPage","@id":"https:\/\/www.ancientpuglia.it\/de\/#webpage","url":"https:\/\/www.ancientpuglia.it\/de\/","name":"Home - Ancient Puglia","isPartOf":{"@id":"https:\/\/www.ancientpuglia.it\/#website"},"datePublished":"2018-09-03T07:58:33+00:00","dateModified":"2022-01-25T17:03:08+00:00","breadcrumb":{"@id":"https:\/\/www.ancientpuglia.it\/de\/#breadcrumb"},"inLanguage":"de","potentialAction":[{"@type":"ReadAction","target":["https:\/\/www.ancientpuglia.it\/de\/"]}]},{"@type":"BreadcrumbList","@id":"https:\/\/www.ancientpuglia.it\/de\/#breadcrumb","itemListElement":[{"@type":"ListItem","position":1,"name":"Home","item":"https:\/\/www.ancientpuglia.it\/de\/"},{"@type":"ListItem","position":2,"name":"Home"}]}]}},"_links":{"self":[{"href":"https:\/\/www.ancientpuglia.it\/de\/wp-json\/wp\/v2\/pages\/953"}],"collection":[{"href":"https:\/\/www.ancientpuglia.it\/de\/wp-json\/wp\/v2\/pages"}],"about":[{"href":"https:\/\/www.ancientpuglia.it\/de\/wp-json\/wp\/v2\/types\/page"}],"author":[{"embeddable":true,"href":"https:\/\/www.ancientpuglia.it\/de\/wp-json\/wp\/v2\/users\/2"}],"replies":[{"embeddable":true,"href":"https:\/\/www.ancientpuglia.it\/de\/wp-json\/wp\/v2\/comments?post=953"}],"version-history":[{"count":11,"href":"https:\/\/www.ancientpuglia.it\/de\/wp-json\/wp\/v2\/pages\/953\/revisions"}],"predecessor-version":[{"id":4317,"href":"https:\/\/www.ancientpuglia.it\/de\/wp-json\/wp\/v2\/pages\/953\/revisions\/4317"}],"wp:attachment":[{"href":"https:\/\/www.ancientpuglia.it\/de\/wp-json\/wp\/v2\/media?parent=953"}],"curies":[{"name":"wp","href":"https:\/\/api.w.org\/{rel}","templated":true}]}}