{"id":826,"date":"2018-10-15T15:58:39","date_gmt":"2018-10-15T13:58:39","guid":{"rendered":"https:\/\/staging.donatomargapoti.com\/ancientpuglia\/regolamento\/"},"modified":"2018-12-18T10:59:42","modified_gmt":"2018-12-18T09:59:42","slug":"regeln-und-faqs","status":"publish","type":"page","link":"https:\/\/www.ancientpuglia.it\/de\/regeln-und-faqs\/","title":{"rendered":"Regeln Und FAQs"},"content":{"rendered":"<p>Die Preise variieren je nach Saison, Anzahl der Personen und der angegebenen Unterkunftsl\u00f6sung.<\/p>\n<ul>\n<li><em>Nebensaison<\/em>: von M\u00e4rz bis Mai und von Mitte September bis <em>Dezember.<\/em><\/li>\n<li><em>Mittelsaison:<\/em> von Juni bis Mitte Juli. Die erste Septemberh\u00e4lfte. <strong>Feiertage<\/strong> und <strong>Br\u00fccken<\/strong> gelten als <em>Zwischensaison.<\/em><\/li>\n<li><em>Hochsaison:<\/em> von Mitte Juli bis Ende August.<\/li>\n<\/ul>\n<h3>Reservierungen &amp; Stornierungen<\/h3>\n<ul>\n<li>Reservierungen k\u00f6nnen per Telefon oder E-Mail erfolgen. Die Reservierung wird erst nach Erhalt der Anzahlung in H\u00f6he von 30% des Gesamtbetrags des Aufenthalts best\u00e4tigt. Die Vorauszahlung muss innerhalb von 48 Stunden nach Best\u00e4tigung der Verf\u00fcgbarkeit per Bank\u00fcberweisung oder per PayPal erfolgen. Am Ende dieser Frist verf\u00e4llt die Reservierung.<\/li>\n<li>Jede \u00c4nderungs- oder Stornierungsanfrage muss mindestens 15 Tage vor dem Beginn des Aufenthalts per E-Mail gesendet werden.<\/li>\n<li>Nach dieser Frist wird der als Anzahlung gezahlte Betrag berechnet.<\/li>\n<li>Diese Bedingungen k\u00f6nnen im Ermessen des Managements ge\u00e4ndert werden, wenn Sie sich f\u00fcr ein Angebot oder eine Werbeaktion angemeldet haben.<\/li>\n<li>Bei Nichtanreise und vorzeitiger Abreise wird der gesamte gebuchte Aufenthalt in Rechnung gestellt.<\/li>\n<li>In der Hochsaison werden Buchungen f\u00fcr einen Mindestaufenthalt von einer Woche und von Samstag bis Samstag vorgenommen.<\/li>\n<\/ul>\n<h3>F\u00fcr Familien<\/h3>\n<ul>\n<li>Kinder bis drei Jahre zahlen nicht<\/li>\n<li>Kinder von 3 bis 11 Jahren zahlen die H\u00e4lfte<\/li>\n<\/ul>\n<h3>Erg\u00e4nzungen<\/h3>\n<ul>\n<li>Kinderbett auf Anfrage und nach Verf\u00fcgbarkeit, Aufpreis \u20ac 35,00 pro Woche.<\/li>\n<\/ul>\n<h3>Mehr Infos<\/h3>\n<ul>\n<li>Check-in: 15.00 Uhr &#8211; Check-out: 11.00 Uhr.<\/li>\n<li>Wir bitten unsere G\u00e4ste, die voraussichtliche Ankunftszeit per E-Mail oder Telefon mitzuteilen.<\/li>\n<li>Tiere sind nicht erlaubt.<\/li>\n<\/ul>\n<h3>Auf Anfrage<\/h3>\n<ul>\n<li>Weintouren in den Kellern des Gebiets<\/li>\n<li>F\u00fchrungen<\/li>\n<li>Bootsfahrten<\/li>\n<li>Bootsverleih, Tauchen mit Tauchlehrer und M\u00f6glichkeit zum Patent<\/li>\n<li>Fahrradverleih, Mountainbiken<\/li>\n<li>Reiten<\/li>\n<\/ul>\n","protected":false},"excerpt":{"rendered":"<p>Die Preise variieren je nach Saison, Anzahl der Personen und der angegebenen Unterkunftsl\u00f6sung. Nebensaison: von M\u00e4rz bis Mai und von Mitte September bis Dezember. Mittelsaison: von Juni bis Mitte Juli. Die erste Septemberh\u00e4lfte. Feiertage und Br\u00fccken gelten als Zwischensaison. Hochsaison: von Mitte Juli bis Ende August. Reservierungen &amp; Stornierungen Reservierungen k\u00f6nnen per Telefon oder E-Mail [&hellip;]<\/p>\n","protected":false},"author":2,"featured_media":0,"parent":0,"menu_order":28,"comment_status":"closed","ping_status":"closed","template":"rules.php","meta":[],"acf":[],"yoast_head":"<!-- This site is optimized with the Yoast SEO plugin v18.0 - https:\/\/yoast.com\/wordpress\/plugins\/seo\/ -->\n<title>Regeln Und FAQs - Ancient Puglia<\/title>\n<meta name=\"robots\" content=\"index, follow, max-snippet:-1, max-image-preview:large, max-video-preview:-1\" \/>\n<link rel=\"canonical\" href=\"https:\/\/www.ancientpuglia.it\/de\/regeln-und-faqs\/\" \/>\n<meta property=\"og:locale\" content=\"de_DE\" \/>\n<meta property=\"og:type\" content=\"article\" \/>\n<meta property=\"og:title\" content=\"Regeln Und FAQs - Ancient Puglia\" \/>\n<meta property=\"og:description\" content=\"Die Preise variieren je nach Saison, Anzahl der Personen und der angegebenen Unterkunftsl\u00f6sung. Nebensaison: von M\u00e4rz bis Mai und von Mitte September bis Dezember. Mittelsaison: von Juni bis Mitte Juli. Die erste Septemberh\u00e4lfte. Feiertage und Br\u00fccken gelten als Zwischensaison. Hochsaison: von Mitte Juli bis Ende August. Reservierungen &amp; Stornierungen Reservierungen k\u00f6nnen per Telefon oder E-Mail [&hellip;]\" \/>\n<meta property=\"og:url\" content=\"https:\/\/www.ancientpuglia.it\/de\/regeln-und-faqs\/\" \/>\n<meta property=\"og:site_name\" content=\"Ancient Puglia\" \/>\n<meta property=\"article:publisher\" content=\"https:\/\/www.facebook.com\/ancientpuglia\" \/>\n<meta property=\"article:modified_time\" content=\"2018-12-18T09:59:42+00:00\" \/>\n<meta name=\"twitter:card\" content=\"summary_large_image\" \/>\n<meta name=\"twitter:label1\" content=\"Gesch\u00e4tzte Lesezeit\" \/>\n\t<meta name=\"twitter:data1\" content=\"1\u00a0Minute\" \/>\n<script type=\"application\/ld+json\" class=\"yoast-schema-graph\">{\"@context\":\"https:\/\/schema.org\",\"@graph\":[{\"@type\":\"WebSite\",\"@id\":\"https:\/\/www.ancientpuglia.it\/#website\",\"url\":\"https:\/\/www.ancientpuglia.it\/\",\"name\":\"Ancient Puglia\",\"description\":\"Heritage houses\",\"potentialAction\":[{\"@type\":\"SearchAction\",\"target\":{\"@type\":\"EntryPoint\",\"urlTemplate\":\"https:\/\/www.ancientpuglia.it\/?s={search_term_string}\"},\"query-input\":\"required name=search_term_string\"}],\"inLanguage\":\"de\"},{\"@type\":\"WebPage\",\"@id\":\"https:\/\/www.ancientpuglia.it\/de\/regeln-und-faqs\/#webpage\",\"url\":\"https:\/\/www.ancientpuglia.it\/de\/regeln-und-faqs\/\",\"name\":\"Regeln Und FAQs - Ancient Puglia\",\"isPartOf\":{\"@id\":\"https:\/\/www.ancientpuglia.it\/#website\"},\"datePublished\":\"2018-10-15T13:58:39+00:00\",\"dateModified\":\"2018-12-18T09:59:42+00:00\",\"breadcrumb\":{\"@id\":\"https:\/\/www.ancientpuglia.it\/de\/regeln-und-faqs\/#breadcrumb\"},\"inLanguage\":\"de\",\"potentialAction\":[{\"@type\":\"ReadAction\",\"target\":[\"https:\/\/www.ancientpuglia.it\/de\/regeln-und-faqs\/\"]}]},{\"@type\":\"BreadcrumbList\",\"@id\":\"https:\/\/www.ancientpuglia.it\/de\/regeln-und-faqs\/#breadcrumb\",\"itemListElement\":[{\"@type\":\"ListItem\",\"position\":1,\"name\":\"Home\",\"item\":\"https:\/\/www.ancientpuglia.it\/de\/\"},{\"@type\":\"ListItem\",\"position\":2,\"name\":\"Regeln Und FAQs\"}]}]}<\/script>\n<!-- \/ Yoast SEO plugin. -->","yoast_head_json":{"title":"Regeln Und FAQs - Ancient Puglia","robots":{"index":"index","follow":"follow","max-snippet":"max-snippet:-1","max-image-preview":"max-image-preview:large","max-video-preview":"max-video-preview:-1"},"canonical":"https:\/\/www.ancientpuglia.it\/de\/regeln-und-faqs\/","og_locale":"de_DE","og_type":"article","og_title":"Regeln Und FAQs - Ancient Puglia","og_description":"Die Preise variieren je nach Saison, Anzahl der Personen und der angegebenen Unterkunftsl\u00f6sung. Nebensaison: von M\u00e4rz bis Mai und von Mitte September bis Dezember. Mittelsaison: von Juni bis Mitte Juli. Die erste Septemberh\u00e4lfte. Feiertage und Br\u00fccken gelten als Zwischensaison. Hochsaison: von Mitte Juli bis Ende August. Reservierungen &amp; Stornierungen Reservierungen k\u00f6nnen per Telefon oder E-Mail [&hellip;]","og_url":"https:\/\/www.ancientpuglia.it\/de\/regeln-und-faqs\/","og_site_name":"Ancient Puglia","article_publisher":"https:\/\/www.facebook.com\/ancientpuglia","article_modified_time":"2018-12-18T09:59:42+00:00","twitter_card":"summary_large_image","twitter_misc":{"Gesch\u00e4tzte Lesezeit":"1\u00a0Minute"},"schema":{"@context":"https:\/\/schema.org","@graph":[{"@type":"WebSite","@id":"https:\/\/www.ancientpuglia.it\/#website","url":"https:\/\/www.ancientpuglia.it\/","name":"Ancient Puglia","description":"Heritage houses","potentialAction":[{"@type":"SearchAction","target":{"@type":"EntryPoint","urlTemplate":"https:\/\/www.ancientpuglia.it\/?s={search_term_string}"},"query-input":"required name=search_term_string"}],"inLanguage":"de"},{"@type":"WebPage","@id":"https:\/\/www.ancientpuglia.it\/de\/regeln-und-faqs\/#webpage","url":"https:\/\/www.ancientpuglia.it\/de\/regeln-und-faqs\/","name":"Regeln Und FAQs - Ancient Puglia","isPartOf":{"@id":"https:\/\/www.ancientpuglia.it\/#website"},"datePublished":"2018-10-15T13:58:39+00:00","dateModified":"2018-12-18T09:59:42+00:00","breadcrumb":{"@id":"https:\/\/www.ancientpuglia.it\/de\/regeln-und-faqs\/#breadcrumb"},"inLanguage":"de","potentialAction":[{"@type":"ReadAction","target":["https:\/\/www.ancientpuglia.it\/de\/regeln-und-faqs\/"]}]},{"@type":"BreadcrumbList","@id":"https:\/\/www.ancientpuglia.it\/de\/regeln-und-faqs\/#breadcrumb","itemListElement":[{"@type":"ListItem","position":1,"name":"Home","item":"https:\/\/www.ancientpuglia.it\/de\/"},{"@type":"ListItem","position":2,"name":"Regeln Und FAQs"}]}]}},"_links":{"self":[{"href":"https:\/\/www.ancientpuglia.it\/de\/wp-json\/wp\/v2\/pages\/826"}],"collection":[{"href":"https:\/\/www.ancientpuglia.it\/de\/wp-json\/wp\/v2\/pages"}],"about":[{"href":"https:\/\/www.ancientpuglia.it\/de\/wp-json\/wp\/v2\/types\/page"}],"author":[{"embeddable":true,"href":"https:\/\/www.ancientpuglia.it\/de\/wp-json\/wp\/v2\/users\/2"}],"replies":[{"embeddable":true,"href":"https:\/\/www.ancientpuglia.it\/de\/wp-json\/wp\/v2\/comments?post=826"}],"version-history":[{"count":5,"href":"https:\/\/www.ancientpuglia.it\/de\/wp-json\/wp\/v2\/pages\/826\/revisions"}],"predecessor-version":[{"id":1232,"href":"https:\/\/www.ancientpuglia.it\/de\/wp-json\/wp\/v2\/pages\/826\/revisions\/1232"}],"wp:attachment":[{"href":"https:\/\/www.ancientpuglia.it\/de\/wp-json\/wp\/v2\/media?parent=826"}],"curies":[{"name":"wp","href":"https:\/\/api.w.org\/{rel}","templated":true}]}}