{"id":815,"date":"2018-10-25T14:32:26","date_gmt":"2018-10-25T12:32:26","guid":{"rendered":"https:\/\/staging.donatomargapoti.com\/ancientpuglia\/?page_id=815"},"modified":"2018-12-13T15:46:39","modified_gmt":"2018-12-13T14:46:39","slug":"wo-wir-sind","status":"publish","type":"page","link":"https:\/\/www.ancientpuglia.it\/de\/wo-wir-sind\/","title":{"rendered":"Wo wir sind"},"content":{"rendered":"<h3>Leverano<\/h3>\n<p>Auf halbem Weg zwischen dem <strong>barocken<\/strong> Adeligen von <strong>Lecce<\/strong> und dem <strong>kristallklaren Jonio-Meer<\/strong>, das die goldenen K\u00fcsten von <strong>Porto Cesareo<\/strong> umsp\u00fclt, erhebt sich <strong>Leverano,<\/strong> eine lebendige Stadt, die von knapp 15 Tausend Unternehmern belebt <strong>wird.<\/strong><br \/>\n<strong>Leverano<\/strong> stellt sich seinen Besuchern mit der Sch\u00f6nheit seiner Landschaft, der G\u00fcte seiner landwirtschaftlichen Produkte und der Authentizit\u00e4t des alten Dorfes vor, in dem sich die wahre Seele der Stadt befindet.<\/p>\n<p>Im alten Dorf wohnen die Bewohner, die es immer animieren, und die vielen sch\u00f6nen Unterk\u00fcnfte. Die charakteristischen kleinen Aktivit\u00e4ten der Vergangenheit wechseln sich mit den neuen, lebhaften R\u00e4umlichkeiten ab, in denen Sie Ihre Abende zwischen einem Glas Wein und einem Lachen verbringen k\u00f6nnen.<\/p>\n<p>Das Wahrzeichen der Stadt ist der faszinierende <strong>Turm von Friedrich II<\/strong>. Von Schwaben, der auf den D\u00e4chern des historischen Zentrums einen strengen und majest\u00e4tischen Charakter hat.<\/p>\n<p><strong>Leverano<\/strong> liegt ganz in der N\u00e4he von <strong>Porto Cesareo<\/strong>, nur 9 Kilometer vom Ionischen Meer <strong>entfernt.<\/strong><br \/>\n<strong>Lecce<\/strong> ist in nur 10 Minuten mit dem Auto in 16 km Entfernung zu erreichen.<br \/>\n<strong>Der Flughafen Salento in Brindisi<\/strong> liegt knapp 60 km entfernt.<\/p>\n<p>Dank seiner Lage im <strong>Zentrum der Provinz Salento<\/strong> ist es der ideale Ausgangspunkt, um die Halbinsel <strong>vom Ionischen Meer bis zur Adria<\/strong> von Norden nach S\u00fcden zu erkunden.<\/p>\n<h3>Salento<\/h3>\n<p>Das s\u00fcdlichste Ende der <strong>Region Apulien<\/strong> ist von zwei Meeren umgeben: dem <strong>Ionischen<\/strong> im Westen und der <strong>Adria<\/strong> im Osten. Die in diesen Gew\u00e4ssern eingeschlossene Erde wird im Allgemeinen als die <strong>salentinische Halbinsel<\/strong> definiert. Das Territorium liegt vollst\u00e4ndig in der Provinz Lecce und teilweise in der von Tarent und Brindisi.<\/p>\n<p>Urspr\u00fcnglich <em>Messapia<\/em> von den Griechen als &#8222;Land zwischen den beiden Meeren&#8220; bezeichnet, wurde der Salento von den Messapi, einer Bev\u00f6lkerung illyrischen Ursprungs, bewohnt.<br \/>\nIm Laufe der Jahrhunderte haben griechische, byzantinische und sarazenische Bev\u00f6lkerungen bis zur Ankunft der Normannen und dann der Aragonesen \u00fcberlebt oder koexistiert.<\/p>\n<p><strong>Die Nachfolge und das Zusammenleben verschiedener Bev\u00f6lkerungen und Kulturen von der Antike bis zur Gegenwart haben dazu beigetragen, die Identit\u00e4t zu formen, die Salento und seine Bewohner bis heute auszeichnet.<\/strong><br \/>\nEin einladendes, herzliches Volk, offen f\u00fcr Neues, aber gleichzeitig liebt es seine Traditionen. Ein Volk, das sich anpasst und es schafft, aus schwierigen Situationen das Beste herauszuholen. <strong>Eine abwechslungsreiche Kultur, die von antiken griechischen und byzantinischen Einfl\u00fcssen in Architektur, K\u00fcche, Sprache und Popmusik beeinflusst wird.<\/strong><\/p>\n<p>Geographisch zeichnet es sich durch endlose kilometerlange K\u00fcstenlinie aus, haupts\u00e4chlich sandig im Ionischen Meer, felsig an der Adria. Von einer bl\u00fchenden Landschaft, die von der Macchia am wildesten dominiert wird, vom Olivenbaum und vom Weinberg bis zu dem von Menschen bewirtschafteten.<br \/>\nF\u00fcr Weinliebhaber sind wir im <strong>Land Negroamaro und Primitivo<\/strong>.<\/p>\n","protected":false},"excerpt":{"rendered":"<p>Leverano Auf halbem Weg zwischen dem barocken Adeligen von Lecce und dem kristallklaren Jonio-Meer, das die goldenen K\u00fcsten von Porto Cesareo umsp\u00fclt, erhebt sich Leverano, eine lebendige Stadt, die von knapp 15 Tausend Unternehmern belebt wird. Leverano stellt sich seinen Besuchern mit der Sch\u00f6nheit seiner Landschaft, der G\u00fcte seiner landwirtschaftlichen Produkte und der Authentizit\u00e4t des [&hellip;]<\/p>\n","protected":false},"author":2,"featured_media":0,"parent":0,"menu_order":38,"comment_status":"closed","ping_status":"closed","template":"whereWeAre.php","meta":[],"acf":[],"yoast_head":"<!-- This site is optimized with the Yoast SEO plugin v18.0 - https:\/\/yoast.com\/wordpress\/plugins\/seo\/ -->\n<title>Wo wir sind - Ancient Puglia<\/title>\n<meta name=\"robots\" content=\"index, follow, max-snippet:-1, max-image-preview:large, max-video-preview:-1\" \/>\n<link rel=\"canonical\" href=\"https:\/\/www.ancientpuglia.it\/de\/wo-wir-sind\/\" \/>\n<meta property=\"og:locale\" content=\"de_DE\" \/>\n<meta property=\"og:type\" content=\"article\" \/>\n<meta property=\"og:title\" content=\"Wo wir sind - Ancient Puglia\" \/>\n<meta property=\"og:description\" content=\"Leverano Auf halbem Weg zwischen dem barocken Adeligen von Lecce und dem kristallklaren Jonio-Meer, das die goldenen K\u00fcsten von Porto Cesareo umsp\u00fclt, erhebt sich Leverano, eine lebendige Stadt, die von knapp 15 Tausend Unternehmern belebt wird. Leverano stellt sich seinen Besuchern mit der Sch\u00f6nheit seiner Landschaft, der G\u00fcte seiner landwirtschaftlichen Produkte und der Authentizit\u00e4t des [&hellip;]\" \/>\n<meta property=\"og:url\" content=\"https:\/\/www.ancientpuglia.it\/de\/wo-wir-sind\/\" \/>\n<meta property=\"og:site_name\" content=\"Ancient Puglia\" \/>\n<meta property=\"article:publisher\" content=\"https:\/\/www.facebook.com\/ancientpuglia\" \/>\n<meta property=\"article:modified_time\" content=\"2018-12-13T14:46:39+00:00\" \/>\n<meta name=\"twitter:card\" content=\"summary_large_image\" \/>\n<meta name=\"twitter:label1\" content=\"Gesch\u00e4tzte Lesezeit\" \/>\n\t<meta name=\"twitter:data1\" content=\"2\u00a0Minuten\" \/>\n<script type=\"application\/ld+json\" class=\"yoast-schema-graph\">{\"@context\":\"https:\/\/schema.org\",\"@graph\":[{\"@type\":\"WebSite\",\"@id\":\"https:\/\/www.ancientpuglia.it\/#website\",\"url\":\"https:\/\/www.ancientpuglia.it\/\",\"name\":\"Ancient Puglia\",\"description\":\"Heritage houses\",\"potentialAction\":[{\"@type\":\"SearchAction\",\"target\":{\"@type\":\"EntryPoint\",\"urlTemplate\":\"https:\/\/www.ancientpuglia.it\/?s={search_term_string}\"},\"query-input\":\"required name=search_term_string\"}],\"inLanguage\":\"de\"},{\"@type\":\"WebPage\",\"@id\":\"https:\/\/www.ancientpuglia.it\/de\/wo-wir-sind\/#webpage\",\"url\":\"https:\/\/www.ancientpuglia.it\/de\/wo-wir-sind\/\",\"name\":\"Wo wir sind - Ancient Puglia\",\"isPartOf\":{\"@id\":\"https:\/\/www.ancientpuglia.it\/#website\"},\"datePublished\":\"2018-10-25T12:32:26+00:00\",\"dateModified\":\"2018-12-13T14:46:39+00:00\",\"breadcrumb\":{\"@id\":\"https:\/\/www.ancientpuglia.it\/de\/wo-wir-sind\/#breadcrumb\"},\"inLanguage\":\"de\",\"potentialAction\":[{\"@type\":\"ReadAction\",\"target\":[\"https:\/\/www.ancientpuglia.it\/de\/wo-wir-sind\/\"]}]},{\"@type\":\"BreadcrumbList\",\"@id\":\"https:\/\/www.ancientpuglia.it\/de\/wo-wir-sind\/#breadcrumb\",\"itemListElement\":[{\"@type\":\"ListItem\",\"position\":1,\"name\":\"Home\",\"item\":\"https:\/\/www.ancientpuglia.it\/de\/\"},{\"@type\":\"ListItem\",\"position\":2,\"name\":\"Wo wir sind\"}]}]}<\/script>\n<!-- \/ Yoast SEO plugin. -->","yoast_head_json":{"title":"Wo wir sind - Ancient Puglia","robots":{"index":"index","follow":"follow","max-snippet":"max-snippet:-1","max-image-preview":"max-image-preview:large","max-video-preview":"max-video-preview:-1"},"canonical":"https:\/\/www.ancientpuglia.it\/de\/wo-wir-sind\/","og_locale":"de_DE","og_type":"article","og_title":"Wo wir sind - Ancient Puglia","og_description":"Leverano Auf halbem Weg zwischen dem barocken Adeligen von Lecce und dem kristallklaren Jonio-Meer, das die goldenen K\u00fcsten von Porto Cesareo umsp\u00fclt, erhebt sich Leverano, eine lebendige Stadt, die von knapp 15 Tausend Unternehmern belebt wird. Leverano stellt sich seinen Besuchern mit der Sch\u00f6nheit seiner Landschaft, der G\u00fcte seiner landwirtschaftlichen Produkte und der Authentizit\u00e4t des [&hellip;]","og_url":"https:\/\/www.ancientpuglia.it\/de\/wo-wir-sind\/","og_site_name":"Ancient Puglia","article_publisher":"https:\/\/www.facebook.com\/ancientpuglia","article_modified_time":"2018-12-13T14:46:39+00:00","twitter_card":"summary_large_image","twitter_misc":{"Gesch\u00e4tzte Lesezeit":"2\u00a0Minuten"},"schema":{"@context":"https:\/\/schema.org","@graph":[{"@type":"WebSite","@id":"https:\/\/www.ancientpuglia.it\/#website","url":"https:\/\/www.ancientpuglia.it\/","name":"Ancient Puglia","description":"Heritage houses","potentialAction":[{"@type":"SearchAction","target":{"@type":"EntryPoint","urlTemplate":"https:\/\/www.ancientpuglia.it\/?s={search_term_string}"},"query-input":"required name=search_term_string"}],"inLanguage":"de"},{"@type":"WebPage","@id":"https:\/\/www.ancientpuglia.it\/de\/wo-wir-sind\/#webpage","url":"https:\/\/www.ancientpuglia.it\/de\/wo-wir-sind\/","name":"Wo wir sind - Ancient Puglia","isPartOf":{"@id":"https:\/\/www.ancientpuglia.it\/#website"},"datePublished":"2018-10-25T12:32:26+00:00","dateModified":"2018-12-13T14:46:39+00:00","breadcrumb":{"@id":"https:\/\/www.ancientpuglia.it\/de\/wo-wir-sind\/#breadcrumb"},"inLanguage":"de","potentialAction":[{"@type":"ReadAction","target":["https:\/\/www.ancientpuglia.it\/de\/wo-wir-sind\/"]}]},{"@type":"BreadcrumbList","@id":"https:\/\/www.ancientpuglia.it\/de\/wo-wir-sind\/#breadcrumb","itemListElement":[{"@type":"ListItem","position":1,"name":"Home","item":"https:\/\/www.ancientpuglia.it\/de\/"},{"@type":"ListItem","position":2,"name":"Wo wir sind"}]}]}},"_links":{"self":[{"href":"https:\/\/www.ancientpuglia.it\/de\/wp-json\/wp\/v2\/pages\/815"}],"collection":[{"href":"https:\/\/www.ancientpuglia.it\/de\/wp-json\/wp\/v2\/pages"}],"about":[{"href":"https:\/\/www.ancientpuglia.it\/de\/wp-json\/wp\/v2\/types\/page"}],"author":[{"embeddable":true,"href":"https:\/\/www.ancientpuglia.it\/de\/wp-json\/wp\/v2\/users\/2"}],"replies":[{"embeddable":true,"href":"https:\/\/www.ancientpuglia.it\/de\/wp-json\/wp\/v2\/comments?post=815"}],"version-history":[{"count":4,"href":"https:\/\/www.ancientpuglia.it\/de\/wp-json\/wp\/v2\/pages\/815\/revisions"}],"predecessor-version":[{"id":1024,"href":"https:\/\/www.ancientpuglia.it\/de\/wp-json\/wp\/v2\/pages\/815\/revisions\/1024"}],"wp:attachment":[{"href":"https:\/\/www.ancientpuglia.it\/de\/wp-json\/wp\/v2\/media?parent=815"}],"curies":[{"name":"wp","href":"https:\/\/api.w.org\/{rel}","templated":true}]}}