{"id":1243,"date":"2018-12-19T15:55:36","date_gmt":"2018-12-19T14:55:36","guid":{"rendered":"http:\/\/sancientpuglia.donatomargapoti.com\/stage\/?page_id=1243"},"modified":"2018-12-19T17:43:19","modified_gmt":"2018-12-19T16:43:19","slug":"medienbeziehungen","status":"publish","type":"page","link":"https:\/\/www.ancientpuglia.it\/de\/medienbeziehungen\/","title":{"rendered":"Medienbeziehungen"},"content":{"rendered":"<h3>F\u00fcr Journalisten und Medien<\/h3>\n<p>Wenn Sie Journalist, Blogger oder Influencer sind oder Informationen \u00fcber authentisches Apulien suchen, wenden Sie sich an <a href=\"mailto:info@ancientpuglia.it\">info@ancientpuglia.it<\/a> oder rufen Sie an unter <a href=\"tel:+39 3393584421\">+39 3393584421<\/a>.<\/p>\n<p>Wir k\u00f6nnen Ihnen viele exklusive Informationen geben oder Sie nehmen an kleinen Touren teil, um das authentischste apulische Gebiet zu entdecken.<br \/>\nWir freuen uns, Interviews zu Apulien, Salento, den Traditionen unseres Territoriums, Reisevorschl\u00e4gen zu Apulien, ver\u00f6ffentlichen zu d\u00fcrfen.<\/p>\n","protected":false},"excerpt":{"rendered":"<p>F\u00fcr Journalisten und Medien Wenn Sie Journalist, Blogger oder Influencer sind oder Informationen \u00fcber authentisches Apulien suchen, wenden Sie sich an info@ancientpuglia.it oder rufen Sie an unter +39 3393584421. Wir k\u00f6nnen Ihnen viele exklusive Informationen geben oder Sie nehmen an kleinen Touren teil, um das authentischste apulische Gebiet zu entdecken. Wir freuen uns, Interviews zu [&hellip;]<\/p>\n","protected":false},"author":2,"featured_media":0,"parent":0,"menu_order":23,"comment_status":"closed","ping_status":"closed","template":"","meta":[],"acf":[],"yoast_head":"<!-- This site is optimized with the Yoast SEO plugin v18.0 - https:\/\/yoast.com\/wordpress\/plugins\/seo\/ -->\n<title>Medienbeziehungen - Ancient Puglia<\/title>\n<meta name=\"robots\" content=\"index, follow, max-snippet:-1, max-image-preview:large, max-video-preview:-1\" \/>\n<link rel=\"canonical\" href=\"https:\/\/www.ancientpuglia.it\/de\/medienbeziehungen\/\" \/>\n<meta property=\"og:locale\" content=\"de_DE\" \/>\n<meta property=\"og:type\" content=\"article\" \/>\n<meta property=\"og:title\" content=\"Medienbeziehungen - Ancient Puglia\" \/>\n<meta property=\"og:description\" content=\"F\u00fcr Journalisten und Medien Wenn Sie Journalist, Blogger oder Influencer sind oder Informationen \u00fcber authentisches Apulien suchen, wenden Sie sich an info@ancientpuglia.it oder rufen Sie an unter +39 3393584421. Wir k\u00f6nnen Ihnen viele exklusive Informationen geben oder Sie nehmen an kleinen Touren teil, um das authentischste apulische Gebiet zu entdecken. Wir freuen uns, Interviews zu [&hellip;]\" \/>\n<meta property=\"og:url\" content=\"https:\/\/www.ancientpuglia.it\/de\/medienbeziehungen\/\" \/>\n<meta property=\"og:site_name\" content=\"Ancient Puglia\" \/>\n<meta property=\"article:publisher\" content=\"https:\/\/www.facebook.com\/ancientpuglia\" \/>\n<meta property=\"article:modified_time\" content=\"2018-12-19T16:43:19+00:00\" \/>\n<meta name=\"twitter:card\" content=\"summary_large_image\" \/>\n<script type=\"application\/ld+json\" class=\"yoast-schema-graph\">{\"@context\":\"https:\/\/schema.org\",\"@graph\":[{\"@type\":\"WebSite\",\"@id\":\"https:\/\/www.ancientpuglia.it\/#website\",\"url\":\"https:\/\/www.ancientpuglia.it\/\",\"name\":\"Ancient Puglia\",\"description\":\"Heritage houses\",\"potentialAction\":[{\"@type\":\"SearchAction\",\"target\":{\"@type\":\"EntryPoint\",\"urlTemplate\":\"https:\/\/www.ancientpuglia.it\/?s={search_term_string}\"},\"query-input\":\"required name=search_term_string\"}],\"inLanguage\":\"de\"},{\"@type\":\"WebPage\",\"@id\":\"https:\/\/www.ancientpuglia.it\/de\/medienbeziehungen\/#webpage\",\"url\":\"https:\/\/www.ancientpuglia.it\/de\/medienbeziehungen\/\",\"name\":\"Medienbeziehungen - Ancient Puglia\",\"isPartOf\":{\"@id\":\"https:\/\/www.ancientpuglia.it\/#website\"},\"datePublished\":\"2018-12-19T14:55:36+00:00\",\"dateModified\":\"2018-12-19T16:43:19+00:00\",\"breadcrumb\":{\"@id\":\"https:\/\/www.ancientpuglia.it\/de\/medienbeziehungen\/#breadcrumb\"},\"inLanguage\":\"de\",\"potentialAction\":[{\"@type\":\"ReadAction\",\"target\":[\"https:\/\/www.ancientpuglia.it\/de\/medienbeziehungen\/\"]}]},{\"@type\":\"BreadcrumbList\",\"@id\":\"https:\/\/www.ancientpuglia.it\/de\/medienbeziehungen\/#breadcrumb\",\"itemListElement\":[{\"@type\":\"ListItem\",\"position\":1,\"name\":\"Home\",\"item\":\"https:\/\/www.ancientpuglia.it\/de\/\"},{\"@type\":\"ListItem\",\"position\":2,\"name\":\"Medienbeziehungen\"}]}]}<\/script>\n<!-- \/ Yoast SEO plugin. -->","yoast_head_json":{"title":"Medienbeziehungen - Ancient Puglia","robots":{"index":"index","follow":"follow","max-snippet":"max-snippet:-1","max-image-preview":"max-image-preview:large","max-video-preview":"max-video-preview:-1"},"canonical":"https:\/\/www.ancientpuglia.it\/de\/medienbeziehungen\/","og_locale":"de_DE","og_type":"article","og_title":"Medienbeziehungen - Ancient Puglia","og_description":"F\u00fcr Journalisten und Medien Wenn Sie Journalist, Blogger oder Influencer sind oder Informationen \u00fcber authentisches Apulien suchen, wenden Sie sich an info@ancientpuglia.it oder rufen Sie an unter +39 3393584421. Wir k\u00f6nnen Ihnen viele exklusive Informationen geben oder Sie nehmen an kleinen Touren teil, um das authentischste apulische Gebiet zu entdecken. Wir freuen uns, Interviews zu [&hellip;]","og_url":"https:\/\/www.ancientpuglia.it\/de\/medienbeziehungen\/","og_site_name":"Ancient Puglia","article_publisher":"https:\/\/www.facebook.com\/ancientpuglia","article_modified_time":"2018-12-19T16:43:19+00:00","twitter_card":"summary_large_image","schema":{"@context":"https:\/\/schema.org","@graph":[{"@type":"WebSite","@id":"https:\/\/www.ancientpuglia.it\/#website","url":"https:\/\/www.ancientpuglia.it\/","name":"Ancient Puglia","description":"Heritage houses","potentialAction":[{"@type":"SearchAction","target":{"@type":"EntryPoint","urlTemplate":"https:\/\/www.ancientpuglia.it\/?s={search_term_string}"},"query-input":"required name=search_term_string"}],"inLanguage":"de"},{"@type":"WebPage","@id":"https:\/\/www.ancientpuglia.it\/de\/medienbeziehungen\/#webpage","url":"https:\/\/www.ancientpuglia.it\/de\/medienbeziehungen\/","name":"Medienbeziehungen - Ancient Puglia","isPartOf":{"@id":"https:\/\/www.ancientpuglia.it\/#website"},"datePublished":"2018-12-19T14:55:36+00:00","dateModified":"2018-12-19T16:43:19+00:00","breadcrumb":{"@id":"https:\/\/www.ancientpuglia.it\/de\/medienbeziehungen\/#breadcrumb"},"inLanguage":"de","potentialAction":[{"@type":"ReadAction","target":["https:\/\/www.ancientpuglia.it\/de\/medienbeziehungen\/"]}]},{"@type":"BreadcrumbList","@id":"https:\/\/www.ancientpuglia.it\/de\/medienbeziehungen\/#breadcrumb","itemListElement":[{"@type":"ListItem","position":1,"name":"Home","item":"https:\/\/www.ancientpuglia.it\/de\/"},{"@type":"ListItem","position":2,"name":"Medienbeziehungen"}]}]}},"_links":{"self":[{"href":"https:\/\/www.ancientpuglia.it\/de\/wp-json\/wp\/v2\/pages\/1243"}],"collection":[{"href":"https:\/\/www.ancientpuglia.it\/de\/wp-json\/wp\/v2\/pages"}],"about":[{"href":"https:\/\/www.ancientpuglia.it\/de\/wp-json\/wp\/v2\/types\/page"}],"author":[{"embeddable":true,"href":"https:\/\/www.ancientpuglia.it\/de\/wp-json\/wp\/v2\/users\/2"}],"replies":[{"embeddable":true,"href":"https:\/\/www.ancientpuglia.it\/de\/wp-json\/wp\/v2\/comments?post=1243"}],"version-history":[{"count":2,"href":"https:\/\/www.ancientpuglia.it\/de\/wp-json\/wp\/v2\/pages\/1243\/revisions"}],"predecessor-version":[{"id":1252,"href":"https:\/\/www.ancientpuglia.it\/de\/wp-json\/wp\/v2\/pages\/1243\/revisions\/1252"}],"wp:attachment":[{"href":"https:\/\/www.ancientpuglia.it\/de\/wp-json\/wp\/v2\/media?parent=1243"}],"curies":[{"name":"wp","href":"https:\/\/api.w.org\/{rel}","templated":true}]}}