{"id":1059,"date":"2018-12-13T20:27:52","date_gmt":"2018-12-13T19:27:52","guid":{"rendered":"http:\/\/sancientpuglia.donatomargapoti.com\/stage\/?page_id=1059"},"modified":"2022-01-28T18:34:25","modified_gmt":"2022-01-28T17:34:25","slug":"reservierungen-und-stornierungen","status":"publish","type":"page","link":"https:\/\/www.ancientpuglia.it\/de\/reservierungen-und-stornierungen\/","title":{"rendered":"Reservierungen und Stornierungen"},"content":{"rendered":"<h5>Reservierungen und Stornierungen<\/h5>\n<ul>\n<li>Reservierungen k\u00f6nnen telefonisch oder per E-Mail vorgenommen werden,<span class=\"VIiyi\" lang=\"de\"><span class=\"JLqJ4b\" data-language-for-alternatives=\"de\" data-language-to-translate-into=\"it\" data-phrase-index=\"0\" data-number-of-phrases=\"1\">und per Whatsapp m\u00f6glich.<\/span><\/span> <span class=\"VIiyi\" lang=\"de\"><span class=\"JLqJ4b\" data-language-for-alternatives=\"de\" data-language-to-translate-into=\"it\" data-phrase-index=\"0\" data-number-of-phrases=\"1\">Sie wird nach Erhalt einer Anzahlung in H\u00f6he von 30 Prozent des Gesamtbetrags des Aufenthalts per Bank\u00fcberweisung innerhalb von 48 Stunden nach Best\u00e4tigung der Verf\u00fcgbarkeit best\u00e4tigt. Nach Ablauf dieser Frist verf\u00e4llt die Reservierung.<\/span><\/span><\/li>\n<li><span class=\"VIiyi\" lang=\"de\"><span class=\"JLqJ4b\" data-language-for-alternatives=\"de\" data-language-to-translate-into=\"it\" data-phrase-index=\"0\" data-number-of-phrases=\"1\">Jede \u00c4nderungs- oder Stornierungsanfrage der Reservierung muss mindestens 7 Tage vor dem Ankunftsdatum in der Nebensaison per E-Mail gesendet werden. Mindestens 30 Tage vor dem Anreisedatum in der Hochsaison.<\/span><\/span><\/li>\n<li>Nach Ablauf dieser Frist oder bei Nichterscheinen wird der als Anzahlung gezahlte Betrag belastet.<\/li>\n<li>Diese Bedingungen k\u00f6nnen nach Ermessen des Managements ge\u00e4ndert werden, wenn ein Angebot oder eine Werbeaktion abgeschlossen wird.<\/li>\n<li>Bei Nichtanreise und vorzeitiger Abreise wird der Gesamtbetrag des gebuchten Aufenthalts in Rechnung gestellt.<\/li>\n<\/ul>\n<h5>Mehr Info<\/h5>\n<ul>\n<li>Check-in: von 15.00 bis 20.00 Uhr &#8211; Check-out: 10.00 Uhr.<\/li>\n<li><span class=\"VIiyi\" lang=\"de\"><span class=\"JLqJ4b\" data-language-for-alternatives=\"de\" data-language-to-translate-into=\"it\" data-phrase-index=\"0\" data-number-of-phrases=\"1\">Bitte teilen Sie Ihre voraussichtliche Ankunftszeit per E-Mail oder Telefon mit oder vereinbaren Sie abweichende Zeiten.<\/span><\/span><\/li>\n<li>Keine 24h-Rezeption.<\/li>\n<li>Tiere sind nicht erlaubt.<\/li>\n<\/ul>\n<h5>F\u00fcr Informationen zu folgenden Themen stehen wir Ihnen gerne zur Verf\u00fcgung:<\/h5>\n<ul>\n<li>Shiatsu-Massage, Thai-Massage, Yogapraxis<\/li>\n<li>Transfer vom \/ zum Flughafen<\/li>\n<li>Weintouren<\/li>\n<li>F\u00fchrungen<\/li>\n<li>Bootsfahrten<\/li>\n<li>Koch zu Hause<\/li>\n<\/ul>\n","protected":false},"excerpt":{"rendered":"<p>Reservierungen und Stornierungen Reservierungen k\u00f6nnen telefonisch oder per E-Mail vorgenommen werden,und per Whatsapp m\u00f6glich. Sie wird nach Erhalt einer Anzahlung in H\u00f6he von 30 Prozent des Gesamtbetrags des Aufenthalts per Bank\u00fcberweisung innerhalb von 48 Stunden nach Best\u00e4tigung der Verf\u00fcgbarkeit best\u00e4tigt. Nach Ablauf dieser Frist verf\u00e4llt die Reservierung. Jede \u00c4nderungs- oder Stornierungsanfrage der Reservierung muss mindestens [&hellip;]<\/p>\n","protected":false},"author":2,"featured_media":0,"parent":0,"menu_order":34,"comment_status":"closed","ping_status":"closed","template":"booking.php","meta":[],"acf":[],"yoast_head":"<!-- This site is optimized with the Yoast SEO plugin v18.0 - https:\/\/yoast.com\/wordpress\/plugins\/seo\/ -->\n<title>Reservierungen und Stornierungen - Ancient Puglia<\/title>\n<meta name=\"robots\" content=\"index, follow, max-snippet:-1, max-image-preview:large, max-video-preview:-1\" \/>\n<link rel=\"canonical\" href=\"https:\/\/www.ancientpuglia.it\/de\/reservierungen-und-stornierungen\/\" \/>\n<meta property=\"og:locale\" content=\"de_DE\" \/>\n<meta property=\"og:type\" content=\"article\" \/>\n<meta property=\"og:title\" content=\"Reservierungen und Stornierungen - Ancient Puglia\" \/>\n<meta property=\"og:description\" content=\"Reservierungen und Stornierungen Reservierungen k\u00f6nnen telefonisch oder per E-Mail vorgenommen werden,und per Whatsapp m\u00f6glich. Sie wird nach Erhalt einer Anzahlung in H\u00f6he von 30 Prozent des Gesamtbetrags des Aufenthalts per Bank\u00fcberweisung innerhalb von 48 Stunden nach Best\u00e4tigung der Verf\u00fcgbarkeit best\u00e4tigt. Nach Ablauf dieser Frist verf\u00e4llt die Reservierung. Jede \u00c4nderungs- oder Stornierungsanfrage der Reservierung muss mindestens [&hellip;]\" \/>\n<meta property=\"og:url\" content=\"https:\/\/www.ancientpuglia.it\/de\/reservierungen-und-stornierungen\/\" \/>\n<meta property=\"og:site_name\" content=\"Ancient Puglia\" \/>\n<meta property=\"article:publisher\" content=\"https:\/\/www.facebook.com\/ancientpuglia\" \/>\n<meta property=\"article:modified_time\" content=\"2022-01-28T17:34:25+00:00\" \/>\n<meta name=\"twitter:card\" content=\"summary_large_image\" \/>\n<meta name=\"twitter:label1\" content=\"Gesch\u00e4tzte Lesezeit\" \/>\n\t<meta name=\"twitter:data1\" content=\"1\u00a0Minute\" \/>\n<script type=\"application\/ld+json\" class=\"yoast-schema-graph\">{\"@context\":\"https:\/\/schema.org\",\"@graph\":[{\"@type\":\"WebSite\",\"@id\":\"https:\/\/www.ancientpuglia.it\/#website\",\"url\":\"https:\/\/www.ancientpuglia.it\/\",\"name\":\"Ancient Puglia\",\"description\":\"Heritage houses\",\"potentialAction\":[{\"@type\":\"SearchAction\",\"target\":{\"@type\":\"EntryPoint\",\"urlTemplate\":\"https:\/\/www.ancientpuglia.it\/?s={search_term_string}\"},\"query-input\":\"required name=search_term_string\"}],\"inLanguage\":\"de\"},{\"@type\":\"WebPage\",\"@id\":\"https:\/\/www.ancientpuglia.it\/de\/reservierungen-und-stornierungen\/#webpage\",\"url\":\"https:\/\/www.ancientpuglia.it\/de\/reservierungen-und-stornierungen\/\",\"name\":\"Reservierungen und Stornierungen - Ancient Puglia\",\"isPartOf\":{\"@id\":\"https:\/\/www.ancientpuglia.it\/#website\"},\"datePublished\":\"2018-12-13T19:27:52+00:00\",\"dateModified\":\"2022-01-28T17:34:25+00:00\",\"breadcrumb\":{\"@id\":\"https:\/\/www.ancientpuglia.it\/de\/reservierungen-und-stornierungen\/#breadcrumb\"},\"inLanguage\":\"de\",\"potentialAction\":[{\"@type\":\"ReadAction\",\"target\":[\"https:\/\/www.ancientpuglia.it\/de\/reservierungen-und-stornierungen\/\"]}]},{\"@type\":\"BreadcrumbList\",\"@id\":\"https:\/\/www.ancientpuglia.it\/de\/reservierungen-und-stornierungen\/#breadcrumb\",\"itemListElement\":[{\"@type\":\"ListItem\",\"position\":1,\"name\":\"Home\",\"item\":\"https:\/\/www.ancientpuglia.it\/de\/\"},{\"@type\":\"ListItem\",\"position\":2,\"name\":\"Reservierungen und Stornierungen\"}]}]}<\/script>\n<!-- \/ Yoast SEO plugin. -->","yoast_head_json":{"title":"Reservierungen und Stornierungen - Ancient Puglia","robots":{"index":"index","follow":"follow","max-snippet":"max-snippet:-1","max-image-preview":"max-image-preview:large","max-video-preview":"max-video-preview:-1"},"canonical":"https:\/\/www.ancientpuglia.it\/de\/reservierungen-und-stornierungen\/","og_locale":"de_DE","og_type":"article","og_title":"Reservierungen und Stornierungen - Ancient Puglia","og_description":"Reservierungen und Stornierungen Reservierungen k\u00f6nnen telefonisch oder per E-Mail vorgenommen werden,und per Whatsapp m\u00f6glich. Sie wird nach Erhalt einer Anzahlung in H\u00f6he von 30 Prozent des Gesamtbetrags des Aufenthalts per Bank\u00fcberweisung innerhalb von 48 Stunden nach Best\u00e4tigung der Verf\u00fcgbarkeit best\u00e4tigt. Nach Ablauf dieser Frist verf\u00e4llt die Reservierung. Jede \u00c4nderungs- oder Stornierungsanfrage der Reservierung muss mindestens [&hellip;]","og_url":"https:\/\/www.ancientpuglia.it\/de\/reservierungen-und-stornierungen\/","og_site_name":"Ancient Puglia","article_publisher":"https:\/\/www.facebook.com\/ancientpuglia","article_modified_time":"2022-01-28T17:34:25+00:00","twitter_card":"summary_large_image","twitter_misc":{"Gesch\u00e4tzte Lesezeit":"1\u00a0Minute"},"schema":{"@context":"https:\/\/schema.org","@graph":[{"@type":"WebSite","@id":"https:\/\/www.ancientpuglia.it\/#website","url":"https:\/\/www.ancientpuglia.it\/","name":"Ancient Puglia","description":"Heritage houses","potentialAction":[{"@type":"SearchAction","target":{"@type":"EntryPoint","urlTemplate":"https:\/\/www.ancientpuglia.it\/?s={search_term_string}"},"query-input":"required name=search_term_string"}],"inLanguage":"de"},{"@type":"WebPage","@id":"https:\/\/www.ancientpuglia.it\/de\/reservierungen-und-stornierungen\/#webpage","url":"https:\/\/www.ancientpuglia.it\/de\/reservierungen-und-stornierungen\/","name":"Reservierungen und Stornierungen - Ancient Puglia","isPartOf":{"@id":"https:\/\/www.ancientpuglia.it\/#website"},"datePublished":"2018-12-13T19:27:52+00:00","dateModified":"2022-01-28T17:34:25+00:00","breadcrumb":{"@id":"https:\/\/www.ancientpuglia.it\/de\/reservierungen-und-stornierungen\/#breadcrumb"},"inLanguage":"de","potentialAction":[{"@type":"ReadAction","target":["https:\/\/www.ancientpuglia.it\/de\/reservierungen-und-stornierungen\/"]}]},{"@type":"BreadcrumbList","@id":"https:\/\/www.ancientpuglia.it\/de\/reservierungen-und-stornierungen\/#breadcrumb","itemListElement":[{"@type":"ListItem","position":1,"name":"Home","item":"https:\/\/www.ancientpuglia.it\/de\/"},{"@type":"ListItem","position":2,"name":"Reservierungen und Stornierungen"}]}]}},"_links":{"self":[{"href":"https:\/\/www.ancientpuglia.it\/de\/wp-json\/wp\/v2\/pages\/1059"}],"collection":[{"href":"https:\/\/www.ancientpuglia.it\/de\/wp-json\/wp\/v2\/pages"}],"about":[{"href":"https:\/\/www.ancientpuglia.it\/de\/wp-json\/wp\/v2\/types\/page"}],"author":[{"embeddable":true,"href":"https:\/\/www.ancientpuglia.it\/de\/wp-json\/wp\/v2\/users\/2"}],"replies":[{"embeddable":true,"href":"https:\/\/www.ancientpuglia.it\/de\/wp-json\/wp\/v2\/comments?post=1059"}],"version-history":[{"count":9,"href":"https:\/\/www.ancientpuglia.it\/de\/wp-json\/wp\/v2\/pages\/1059\/revisions"}],"predecessor-version":[{"id":4669,"href":"https:\/\/www.ancientpuglia.it\/de\/wp-json\/wp\/v2\/pages\/1059\/revisions\/4669"}],"wp:attachment":[{"href":"https:\/\/www.ancientpuglia.it\/de\/wp-json\/wp\/v2\/media?parent=1059"}],"curies":[{"name":"wp","href":"https:\/\/api.w.org\/{rel}","templated":true}]}}